{"id":85,"date":"2025-05-27T12:34:44","date_gmt":"2025-05-27T09:34:44","guid":{"rendered":"https:\/\/www.foldzen.com\/alisveris\/?post_type=product&#038;p=85"},"modified":"2026-02-19T13:17:04","modified_gmt":"2026-02-19T10:17:04","slug":"foldzen-katlanabilir-hafif-dayanikli-cantali-ve-pratik-sezlong-neon-yesil","status":"publish","type":"product","link":"https:\/\/www.foldzen.com\/alisveris\/urun\/foldzen-katlanabilir-hafif-dayanikli-cantali-ve-pratik-sezlong-neon-yesil\/","title":{"rendered":"Foldzen Katlanabilir, Hafif, Dayan\u0131kl\u0131, \u00c7antal\u0131 ve Pratik \u015eezlong &#8211; Neon Ye\u015fil"},"content":{"rendered":"<p><strong>Foldzen \u015fezlonglar\u0131<\/strong>, rahatl\u0131k ve dayan\u0131kl\u0131l\u0131\u011f\u0131 bir arada sunar. \u015e\u0131k tasar\u0131m\u0131 ve y\u00fcksek kaliteli malzemeleri ile sahil kenar\u0131nda, bah\u00e7enizde veya havuz ba\u015f\u0131nda konforlu anlar ya\u015fay\u0131n.<\/p>\n<p><strong>Kompakt tasar\u0131m\u0131yla<\/strong>, yer sorununu ortadan kald\u0131rarak her alan\u0131 an\u0131nda dinlenme alan\u0131na \u00e7evirir. Hafifli\u011fi ve kolay ta\u015f\u0131nabilir yap\u0131s\u0131yla diledi\u011finiz yere g\u00f6t\u00fcrebilece\u011finiz, kullan\u0131m sonras\u0131 h\u0131zl\u0131ca katlanarak minimal bir boyuta ula\u015f\u0131r. Da\u011f\u0131n\u0131kl\u0131\u011fa yer b\u0131rakmadan konforu sunan bu \u00fcr\u00fcn, alan\u0131n\u0131z\u0131 verimli kullanman\u0131z i\u00e7in ideal bir \u00e7\u00f6z\u00fcm sunar.<\/p>\n<p><strong>Konforu her yerde<\/strong> yan\u0131n\u0131za alabilece\u011finiz bu katlan\u0131r \u015fezlong, ergonomik tasar\u0131m\u0131yla bedeninizi m\u00fckemmel \u015fekilde destekler. Kullan\u0131m\u0131 s\u0131ras\u0131nda, ayarlanabilir pozisyonlar\u0131 sayesinde ihtiya\u00e7lar\u0131n\u0131za tam uyum sa\u011flar. Yumu\u015fak dokusu ve kaliteli malzemeleriyle uzun s\u00fcreli oturma deneyimlerinde bile rahatl\u0131\u011f\u0131n\u0131zdan \u00f6d\u00fcn vermez. Sizi her zaman ve her yerde en y\u00fcksek seviyede rahatl\u0131kla bulu\u015fturur.<\/p>\n","protected":false},"excerpt":{"rendered":"<p><strong><span style=\"color:red; font-size:110%;\">K\u0131sa s\u00fcreli indirim f\u0131rsat\u0131n\u0131 ka\u00e7\u0131rmay\u0131n!<\/span><\/strong><\/p>\n","protected":false},"featured_media":86,"comment_status":"open","ping_status":"closed","template":"","meta":[],"product_brand":[20],"product_cat":[21],"product_tag":[],"class_list":{"0":"post-85","1":"product","2":"type-product","3":"status-publish","4":"has-post-thumbnail","6":"product_brand-foldzen","7":"product_cat-katlanabilir-sezlong","9":"first","10":"instock","11":"sale","12":"shipping-taxable","13":"purchasable","14":"product-type-simple"},"_links":{"self":[{"href":"https:\/\/www.foldzen.com\/alisveris\/wp-json\/wp\/v2\/product\/85","targetHints":{"allow":["GET"]}}],"collection":[{"href":"https:\/\/www.foldzen.com\/alisveris\/wp-json\/wp\/v2\/product"}],"about":[{"href":"https:\/\/www.foldzen.com\/alisveris\/wp-json\/wp\/v2\/types\/product"}],"replies":[{"embeddable":true,"href":"https:\/\/www.foldzen.com\/alisveris\/wp-json\/wp\/v2\/comments?post=85"}],"wp:featuredmedia":[{"embeddable":true,"href":"https:\/\/www.foldzen.com\/alisveris\/wp-json\/wp\/v2\/media\/86"}],"wp:attachment":[{"href":"https:\/\/www.foldzen.com\/alisveris\/wp-json\/wp\/v2\/media?parent=85"}],"wp:term":[{"taxonomy":"product_brand","embeddable":true,"href":"https:\/\/www.foldzen.com\/alisveris\/wp-json\/wp\/v2\/product_brand?post=85"},{"taxonomy":"product_cat","embeddable":true,"href":"https:\/\/www.foldzen.com\/alisveris\/wp-json\/wp\/v2\/product_cat?post=85"},{"taxonomy":"product_tag","embeddable":true,"href":"https:\/\/www.foldzen.com\/alisveris\/wp-json\/wp\/v2\/product_tag?post=85"}],"curies":[{"name":"wp","href":"https:\/\/api.w.org\/{rel}","templated":true}]}}